{"id":11066,"date":"2018-03-20T13:39:07","date_gmt":"2018-03-20T12:39:07","guid":{"rendered":"https:\/\/flyspa.ch\/legal-notice\/"},"modified":"2025-10-08T15:55:44","modified_gmt":"2025-10-08T13:55:44","slug":"legal-notice","status":"publish","type":"page","link":"https:\/\/flyspa.ch\/en\/legal-notice\/","title":{"rendered":"Legal Notice"},"content":{"rendered":"<div class=\"wpb-content-wrapper\"><p>[vc_row bg_type=&#8221;gradient&#8221; bg_gradient_color_1=&#8221;#f0f0f3&#8243; bg_gradient_color_2=&#8221;#ffffff&#8221; bg_gradient_direction=&#8221;180&#8243; padding_top_multiplier=&#8221;6x&#8221; padding_bottom_multiplier=&#8221;3x&#8221;][vc_column]<style type=\"text\/css\">.grve-title-gradient.grve-title-69dcad545e70c > span,.grve-title-gradient.grve-title-69dcad545e70c .grve-clipping-content > span {color: #393d44;background-image: -moz-linear-gradient(-45deg, #393d44 0%, #b0b1b4 100%);background-image: -webkit-linear-gradient(-45deg, #393d44 0%, #b0b1b4 100%);background-image: linear-gradient(135deg, #393d44 0%, #b0b1b4 100%);}<\/style><h1 class=\"grve-element grve-title grve-align-left grve-h3 grve-title-gradient grve-title-69dcad545e70c\" style=\"margin-bottom: 0px;\"><span>Legal notice for FlySpa S\u00e0rl<\/span><\/h1><div class=\"grve-empty-space grve-height-1x\" style=\"\"><\/div>[vc_column_text css=&#8221;&#8221;]<\/p>\n<h6><span style=\"color: #393d44;\"><strong>Postal Address<\/strong><\/span><\/h6>\n<h6>FlySpa S\u00e0rl<br \/>\nRue de Gen\u00e8ve 101<br \/>\n1226 Th\u00f4nex<br \/>\nSwitzerland<\/h6>\n<h6><strong><span style=\"color: #393d44;\"><br \/>\nLegal Notice<\/span><\/strong><\/h6>\n<p><strong>Registered office<\/strong><br \/>\nTh\u00f4nex, Switzerland<\/p>\n<p><strong>Commercial Register of the Canton of Geneva<\/strong><br \/>\nCH-550.1.176.840-2<\/p>\n<p><strong>IDE \/ VAT number<\/strong><br \/>\nCHE-276.715.865<\/p>\n<h6><strong><span style=\"color: #393d44;\"><br \/>\nData Protection<\/span><\/strong><\/h6>\n<h6>For any questions regarding data protection, you can visit our <a href=\"https:\/\/flyspa.ch\/en\/privacy-policy\/\">Privacy Policy<\/a> page.<\/h6>\n<h6><strong><span style=\"color: #393d44;\"><br \/>\nContact<\/span><\/strong><\/h6>\n<p>By email at <a href=\"mailto:info@flyspa.ch\">info@flyspa.ch<\/a> or by phone at <a href=\"tel:+41225483337\">+41 (0)22 548 33 37<\/a>.[\/vc_column_text]<div class=\"grve-empty-space grve-height-3x\" style=\"\"><\/div>[vc_column_text css=&#8221;&#8221;]<em>Updated on <strong>July 23, 2019<\/strong><\/em>[\/vc_column_text]<div class=\"grve-empty-space grve-height-1x\" style=\"\"><\/div><div class=\"grve-element grve-align-left\"><a href=\"https:\/\/flyspa.ch\/pdf\/flyspa-legal-notice.pdf\" target=\"_blank\" rel=\"noopener noreferrer\" class=\"grve-btn grve-btn-small grve-extra-round grve-bg-primary-5 grve-bg-hover-primary-6\"><span>Download as PDF<\/span><\/a><\/div><div class=\"grve-empty-space grve-height-2x\" style=\"\"><\/div><style type=\"text\/css\">.grve-title-gradient.grve-title-69dcad545e7b6 > span,.grve-title-gradient.grve-title-69dcad545e7b6 .grve-clipping-content > span {color: #b3b3c5;background-image: -moz-linear-gradient(-45deg, #b3b3c5 0%, #e1e1e8 100%);background-image: -webkit-linear-gradient(-45deg, #b3b3c5 0%, #e1e1e8 100%);background-image: linear-gradient(135deg, #b3b3c5 0%, #e1e1e8 100%);}<\/style><h3 class=\"grve-element grve-title grve-align-left grve-h5 grve-title-gradient grve-title-69dcad545e7b6\" style=\"margin-bottom: 0px;\"><span><a href=\"https:\/\/flyspa.ch\/en\/\">Back to <em>flyspa<\/em> homepage<\/a><\/span><\/h3>[\/vc_column][\/vc_row]<\/p>\n<\/div>","protected":false},"excerpt":{"rendered":"<p>[vc_row bg_type=&#8221;gradient&#8221; bg_gradient_color_1=&#8221;#f0f0f3&#8243; bg_gradient_color_2=&#8221;#ffffff&#8221; bg_gradient_direction=&#8221;180&#8243; padding_top_multiplier=&#8221;6x&#8221; padding_bottom_multiplier=&#8221;3x&#8221;][vc_column][vc_column_text css=&#8221;&#8221;] Postal Address FlySpa S\u00e0rl Rue de Gen\u00e8ve 101 1226 Th\u00f4nex Switzerland Legal Notice Registered office Th\u00f4nex, Switzerland Commercial Register of the Canton of Geneva CH-550.1.176.840-2 IDE \/ VAT number CHE-276.715.865 Data Protection For any questions regarding data protection, you can visit our Privacy Policy page. Contact By [&hellip;]<\/p>\n","protected":false},"author":1,"featured_media":10510,"parent":0,"menu_order":0,"comment_status":"closed","ping_status":"closed","template":"","meta":{"footnotes":""},"class_list":["post-11066","page","type-page","status-publish","has-post-thumbnail","hentry"],"yoast_head":"<!-- This site is optimized with the Yoast SEO Premium plugin v27.3 (Yoast SEO v27.3) - https:\/\/yoast.com\/product\/yoast-seo-premium-wordpress\/ -->\n<title>FlySpa S\u00e0rl - Company based in Th\u00f4nex, Switzerland - Legal Notice<\/title>\n<meta name=\"description\" content=\"Legal notice for FlySpa S\u00e0rl, whose registered office is in Th\u00f4nex, Canton of Geneva, Switzerland\" \/>\n<meta name=\"robots\" content=\"index, follow, max-snippet:-1, max-image-preview:large, max-video-preview:-1\" \/>\n<link rel=\"canonical\" href=\"https:\/\/flyspa.ch\/en\/legal-notice\/\" \/>\n<meta property=\"og:locale\" content=\"en_US\" \/>\n<meta property=\"og:type\" content=\"article\" \/>\n<meta property=\"og:title\" content=\"FlySpa S\u00e0rl - Company based in Th\u00f4nex, Switzerland - Legal Notice\" \/>\n<meta property=\"og:description\" content=\"Legal notice for FlySpa S\u00e0rl, whose registered office is in Th\u00f4nex, Canton of Geneva, Switzerland\" \/>\n<meta property=\"og:url\" content=\"https:\/\/flyspa.ch\/en\/legal-notice\/\" \/>\n<meta property=\"og:site_name\" content=\"flyspa\" \/>\n<meta property=\"article:publisher\" content=\"https:\/\/fr-fr.facebook.com\/flyspa.ch\/\" \/>\n<meta property=\"article:modified_time\" content=\"2025-10-08T13:55:44+00:00\" \/>\n<meta property=\"og:image\" content=\"https:\/\/flyspa.ch\/wp-content\/uploads\/medias\/flyspa_mea_01.jpg\" \/>\n<meta name=\"twitter:card\" content=\"summary_large_image\" \/>\n<meta name=\"twitter:title\" content=\"FlySpa S\u00e0rl - Company based in Th\u00f4nex, Switzerland - Legal Notice\" \/>\n<meta name=\"twitter:description\" content=\"Legal notice for FlySpa S\u00e0rl, whose registered office is in Th\u00f4nex, Canton of Geneva, Switzerland\" \/>\n<meta name=\"twitter:image\" content=\"https:\/\/flyspa.ch\/wp-content\/uploads\/medias\/flyspa_mea_01.jpg\" \/>\n<script type=\"application\/ld+json\" class=\"yoast-schema-graph\">{\"@context\":\"https:\\\/\\\/schema.org\",\"@graph\":[{\"@type\":\"WebPage\",\"@id\":\"https:\\\/\\\/flyspa.ch\\\/en\\\/legal-notice\\\/\",\"url\":\"https:\\\/\\\/flyspa.ch\\\/en\\\/legal-notice\\\/\",\"name\":\"FlySpa S\u00e0rl - Company based in Th\u00f4nex, Switzerland - Legal Notice\",\"isPartOf\":{\"@id\":\"https:\\\/\\\/flyspa.ch\\\/en\\\/#website\"},\"primaryImageOfPage\":{\"@id\":\"https:\\\/\\\/flyspa.ch\\\/en\\\/legal-notice\\\/#primaryimage\"},\"image\":{\"@id\":\"https:\\\/\\\/flyspa.ch\\\/en\\\/legal-notice\\\/#primaryimage\"},\"thumbnailUrl\":\"https:\\\/\\\/flyspa.ch\\\/wp-content\\\/uploads\\\/medias\\\/fly_articblue_mae.png\",\"datePublished\":\"2018-03-20T12:39:07+00:00\",\"dateModified\":\"2025-10-08T13:55:44+00:00\",\"description\":\"Legal notice for FlySpa S\u00e0rl, whose registered office is in Th\u00f4nex, Canton of Geneva, Switzerland\",\"breadcrumb\":{\"@id\":\"https:\\\/\\\/flyspa.ch\\\/en\\\/legal-notice\\\/#breadcrumb\"},\"inLanguage\":\"en-US\",\"potentialAction\":[{\"@type\":\"ReadAction\",\"target\":[\"https:\\\/\\\/flyspa.ch\\\/en\\\/legal-notice\\\/\"]}]},{\"@type\":\"ImageObject\",\"inLanguage\":\"en-US\",\"@id\":\"https:\\\/\\\/flyspa.ch\\\/en\\\/legal-notice\\\/#primaryimage\",\"url\":\"https:\\\/\\\/flyspa.ch\\\/wp-content\\\/uploads\\\/medias\\\/fly_articblue_mae.png\",\"contentUrl\":\"https:\\\/\\\/flyspa.ch\\\/wp-content\\\/uploads\\\/medias\\\/fly_articblue_mae.png\",\"width\":600,\"height\":600,\"caption\":\"flyspa : First Love Yourself !\"},{\"@type\":\"BreadcrumbList\",\"@id\":\"https:\\\/\\\/flyspa.ch\\\/en\\\/legal-notice\\\/#breadcrumb\",\"itemListElement\":[{\"@type\":\"ListItem\",\"position\":1,\"name\":\"Accueil\",\"item\":\"https:\\\/\\\/flyspa.ch\\\/en\\\/\"},{\"@type\":\"ListItem\",\"position\":2,\"name\":\"Legal Notice\"}]},{\"@type\":\"WebSite\",\"@id\":\"https:\\\/\\\/flyspa.ch\\\/en\\\/#website\",\"url\":\"https:\\\/\\\/flyspa.ch\\\/en\\\/\",\"name\":\"flyspa\",\"description\":\"1\u00e8re application de massage \u00e0 domicile de Suisse\",\"publisher\":{\"@id\":\"https:\\\/\\\/flyspa.ch\\\/en\\\/#organization\"},\"potentialAction\":[{\"@type\":\"SearchAction\",\"target\":{\"@type\":\"EntryPoint\",\"urlTemplate\":\"https:\\\/\\\/flyspa.ch\\\/en\\\/?s={search_term_string}\"},\"query-input\":{\"@type\":\"PropertyValueSpecification\",\"valueRequired\":true,\"valueName\":\"search_term_string\"}}],\"inLanguage\":\"en-US\"},{\"@type\":\"Organization\",\"@id\":\"https:\\\/\\\/flyspa.ch\\\/en\\\/#organization\",\"name\":\"FlySpa S\u00e0rl\",\"alternateName\":\"flyspa\",\"url\":\"https:\\\/\\\/flyspa.ch\\\/en\\\/\",\"logo\":{\"@type\":\"ImageObject\",\"inLanguage\":\"en-US\",\"@id\":\"https:\\\/\\\/flyspa.ch\\\/en\\\/#\\\/schema\\\/logo\\\/image\\\/\",\"url\":\"https:\\\/\\\/flyspa.ch\\\/wp-content\\\/uploads\\\/medias\\\/fly_deepgrey_mae.png\",\"contentUrl\":\"https:\\\/\\\/flyspa.ch\\\/wp-content\\\/uploads\\\/medias\\\/fly_deepgrey_mae.png\",\"width\":600,\"height\":600,\"caption\":\"FlySpa S\u00e0rl\"},\"image\":{\"@id\":\"https:\\\/\\\/flyspa.ch\\\/en\\\/#\\\/schema\\\/logo\\\/image\\\/\"},\"sameAs\":[\"https:\\\/\\\/fr-fr.facebook.com\\\/flyspa.ch\\\/\",\"https:\\\/\\\/www.instagram.com\\\/flyspa_app\",\"https:\\\/\\\/www.linkedin.com\\\/company\\\/flyspa\"]}]}<\/script>\n<!-- \/ Yoast SEO Premium plugin. -->","yoast_head_json":{"title":"FlySpa S\u00e0rl - Company based in Th\u00f4nex, Switzerland - Legal Notice","description":"Legal notice for FlySpa S\u00e0rl, whose registered office is in Th\u00f4nex, Canton of Geneva, Switzerland","robots":{"index":"index","follow":"follow","max-snippet":"max-snippet:-1","max-image-preview":"max-image-preview:large","max-video-preview":"max-video-preview:-1"},"canonical":"https:\/\/flyspa.ch\/en\/legal-notice\/","og_locale":"en_US","og_type":"article","og_title":"FlySpa S\u00e0rl - Company based in Th\u00f4nex, Switzerland - Legal Notice","og_description":"Legal notice for FlySpa S\u00e0rl, whose registered office is in Th\u00f4nex, Canton of Geneva, Switzerland","og_url":"https:\/\/flyspa.ch\/en\/legal-notice\/","og_site_name":"flyspa","article_publisher":"https:\/\/fr-fr.facebook.com\/flyspa.ch\/","article_modified_time":"2025-10-08T13:55:44+00:00","og_image":[{"url":"https:\/\/flyspa.ch\/wp-content\/uploads\/medias\/flyspa_mea_01.jpg","type":"","width":"","height":""}],"twitter_card":"summary_large_image","twitter_title":"FlySpa S\u00e0rl - Company based in Th\u00f4nex, Switzerland - Legal Notice","twitter_description":"Legal notice for FlySpa S\u00e0rl, whose registered office is in Th\u00f4nex, Canton of Geneva, Switzerland","twitter_image":"https:\/\/flyspa.ch\/wp-content\/uploads\/medias\/flyspa_mea_01.jpg","schema":{"@context":"https:\/\/schema.org","@graph":[{"@type":"WebPage","@id":"https:\/\/flyspa.ch\/en\/legal-notice\/","url":"https:\/\/flyspa.ch\/en\/legal-notice\/","name":"FlySpa S\u00e0rl - Company based in Th\u00f4nex, Switzerland - Legal Notice","isPartOf":{"@id":"https:\/\/flyspa.ch\/en\/#website"},"primaryImageOfPage":{"@id":"https:\/\/flyspa.ch\/en\/legal-notice\/#primaryimage"},"image":{"@id":"https:\/\/flyspa.ch\/en\/legal-notice\/#primaryimage"},"thumbnailUrl":"https:\/\/flyspa.ch\/wp-content\/uploads\/medias\/fly_articblue_mae.png","datePublished":"2018-03-20T12:39:07+00:00","dateModified":"2025-10-08T13:55:44+00:00","description":"Legal notice for FlySpa S\u00e0rl, whose registered office is in Th\u00f4nex, Canton of Geneva, Switzerland","breadcrumb":{"@id":"https:\/\/flyspa.ch\/en\/legal-notice\/#breadcrumb"},"inLanguage":"en-US","potentialAction":[{"@type":"ReadAction","target":["https:\/\/flyspa.ch\/en\/legal-notice\/"]}]},{"@type":"ImageObject","inLanguage":"en-US","@id":"https:\/\/flyspa.ch\/en\/legal-notice\/#primaryimage","url":"https:\/\/flyspa.ch\/wp-content\/uploads\/medias\/fly_articblue_mae.png","contentUrl":"https:\/\/flyspa.ch\/wp-content\/uploads\/medias\/fly_articblue_mae.png","width":600,"height":600,"caption":"flyspa : First Love Yourself !"},{"@type":"BreadcrumbList","@id":"https:\/\/flyspa.ch\/en\/legal-notice\/#breadcrumb","itemListElement":[{"@type":"ListItem","position":1,"name":"Accueil","item":"https:\/\/flyspa.ch\/en\/"},{"@type":"ListItem","position":2,"name":"Legal Notice"}]},{"@type":"WebSite","@id":"https:\/\/flyspa.ch\/en\/#website","url":"https:\/\/flyspa.ch\/en\/","name":"flyspa","description":"1\u00e8re application de massage \u00e0 domicile de Suisse","publisher":{"@id":"https:\/\/flyspa.ch\/en\/#organization"},"potentialAction":[{"@type":"SearchAction","target":{"@type":"EntryPoint","urlTemplate":"https:\/\/flyspa.ch\/en\/?s={search_term_string}"},"query-input":{"@type":"PropertyValueSpecification","valueRequired":true,"valueName":"search_term_string"}}],"inLanguage":"en-US"},{"@type":"Organization","@id":"https:\/\/flyspa.ch\/en\/#organization","name":"FlySpa S\u00e0rl","alternateName":"flyspa","url":"https:\/\/flyspa.ch\/en\/","logo":{"@type":"ImageObject","inLanguage":"en-US","@id":"https:\/\/flyspa.ch\/en\/#\/schema\/logo\/image\/","url":"https:\/\/flyspa.ch\/wp-content\/uploads\/medias\/fly_deepgrey_mae.png","contentUrl":"https:\/\/flyspa.ch\/wp-content\/uploads\/medias\/fly_deepgrey_mae.png","width":600,"height":600,"caption":"FlySpa S\u00e0rl"},"image":{"@id":"https:\/\/flyspa.ch\/en\/#\/schema\/logo\/image\/"},"sameAs":["https:\/\/fr-fr.facebook.com\/flyspa.ch\/","https:\/\/www.instagram.com\/flyspa_app","https:\/\/www.linkedin.com\/company\/flyspa"]}]}},"_links":{"self":[{"href":"https:\/\/flyspa.ch\/en\/wp-json\/wp\/v2\/pages\/11066","targetHints":{"allow":["GET"]}}],"collection":[{"href":"https:\/\/flyspa.ch\/en\/wp-json\/wp\/v2\/pages"}],"about":[{"href":"https:\/\/flyspa.ch\/en\/wp-json\/wp\/v2\/types\/page"}],"author":[{"embeddable":true,"href":"https:\/\/flyspa.ch\/en\/wp-json\/wp\/v2\/users\/1"}],"replies":[{"embeddable":true,"href":"https:\/\/flyspa.ch\/en\/wp-json\/wp\/v2\/comments?post=11066"}],"version-history":[{"count":16,"href":"https:\/\/flyspa.ch\/en\/wp-json\/wp\/v2\/pages\/11066\/revisions"}],"predecessor-version":[{"id":11175,"href":"https:\/\/flyspa.ch\/en\/wp-json\/wp\/v2\/pages\/11066\/revisions\/11175"}],"wp:featuredmedia":[{"embeddable":true,"href":"https:\/\/flyspa.ch\/en\/wp-json\/wp\/v2\/media\/10510"}],"wp:attachment":[{"href":"https:\/\/flyspa.ch\/en\/wp-json\/wp\/v2\/media?parent=11066"}],"curies":[{"name":"wp","href":"https:\/\/api.w.org\/{rel}","templated":true}]}}